{"id":877,"date":"2019-05-22T12:47:52","date_gmt":"2019-05-22T10:47:52","guid":{"rendered":"https:\/\/www.dsi.eu\/?page_id=877"},"modified":"2022-09-30T11:53:07","modified_gmt":"2022-09-30T09:53:07","slug":"modulelijst","status":"publish","type":"page","link":"https:\/\/www.dsi.eu\/nl\/chacal\/modulelijst\/","title":{"rendered":"Modulelijst"},"content":{"rendered":"\n<div class=\"wp-block-columns is-layout-flex wp-container-core-columns-is-layout-9d6595d7 wp-block-columns-is-layout-flex\">\n<div class=\"wp-block-column is-layout-flow wp-block-column-is-layout-flow\" style=\"flex-basis:100%\">\n<figure class=\"wp-block-table\"><table><tbody><tr><th>Algemene modules<\/th><\/tr><tr><td>\n<p align=\"center\">B0<\/p>\n<\/td><td><strong>Basisversie<\/strong><br>Programma voor het inbrengen van de parameters van uw profielen en toebehoren, 2 dagen opleiding in onze burelen, gebruikerslicentie op 1 computer. Deze versie moet aangevuld worden met \u00e9\u00e9n of meerdere onderstaande modules.<\/td><\/tr><tr><td>\n<p align=\"center\">B1<\/p>\n<\/td><td><strong>Structuren<\/strong><br>Koppeling van verschillende ramen.<\/td><\/tr><tr><td>\n<p align=\"center\">B2<\/p>\n<\/td><td><strong>Vliesgevels<\/strong><br>Behandeling van gevelelementen in Aluminium<\/td><\/tr><tr><td>\n<p align=\"center\">B4<br><a href=\"https:\/\/www.dsi.eu\/wp-content\/uploads\/2019\/05\/B4-Uitwisseling-dossiers.pdf\" target=\"_blank\" rel=\"noopener noreferrer\"><img decoding=\"async\" style=\"margin-top: 5px; margin-bottom: 5px;\" src=\"https:\/\/www.dsi.eu\/wp-content\/uploads\/2019\/05\/icon-publications-2.png\" alt=\"\" height=\"30\"><\/a><\/p>\n<\/td><td><strong>Overdracht van dossiers<\/strong><br>Overdracht van dossiers vanaf een bijzetel naar de hoofdzetel.<\/td><\/tr><tr><td>\n<p align=\"center\">B5<br><a href=\"https:\/\/www.dsi.eu\/wp-content\/uploads\/2019\/05\/B5-Inertie-nl.pdf\" target=\"_blank\" rel=\"noopener noreferrer\"><img decoding=\"async\" style=\"margin-top: 5px; margin-bottom: 5px;\" src=\"https:\/\/www.dsi.eu\/wp-content\/uploads\/2019\/05\/icon-publications-2.png\" alt=\"\" height=\"30\"><\/a><\/p>\n<\/td><td><strong>Inertieberekening<\/strong><br>Berekening van de nodige sterkte voor de tussenstijlen<\/td><\/tr><tr><td>\n<p align=\"center\">B6<br><a href=\"https:\/\/www.dsi.eu\/wp-content\/uploads\/2019\/05\/B6-Revendeurs.pdf\" target=\"_blank\" rel=\"noopener noreferrer\"><img decoding=\"async\" style=\"margin-top: 5px; margin-bottom: 5px;\" src=\"https:\/\/www.dsi.eu\/wp-content\/uploads\/2019\/05\/icon-publications-2.png\" alt=\"\" height=\"30\"><\/a><\/p>\n<\/td><td><strong>Handelaars<\/strong><br>Module bestemd voor uw handelaars, verkopers. Laat een volledige invoer toe, maar de afdruk is beperkt tot de commerci\u00eble documenten. Prijs aflopend al naargelang aantal : Ons raadplegen<\/td><\/tr><tr><td>\n<p align=\"center\">B7<br><a href=\"https:\/\/www.dsi.eu\/wp-content\/uploads\/2019\/05\/B7-Terminal-Server-NL.pdf\" target=\"_blank\" rel=\"noopener noreferrer\"><img decoding=\"async\" style=\"margin-top: 5px; margin-bottom: 5px;\" src=\"https:\/\/www.dsi.eu\/wp-content\/uploads\/2019\/05\/icon-publications-2.png\" alt=\"\" height=\"30\"><\/a><\/p>\n<\/td><td><strong>Terminal server<\/strong><\/td><\/tr><tr><td>\n<p align=\"center\">B8<\/p>\n<figure><a href=\"https:\/\/www.dsi.eu\/wp-content\/uploads\/2019\/05\/B8-Stockbeheer.pdf\" target=\"_blank\" rel=\"noopener noreferrer\"><img decoding=\"async\" style=\"margin-top: 5px; margin-bottom: 5px;\" src=\"https:\/\/www.dsi.eu\/wp-content\/uploads\/2019\/05\/icon-publications-2.png\" alt=\"\" height=\"30\"><\/a><\/figure><p align=\"center\"><\/p>\n<\/td><td><strong>Voorraadbeheer<\/strong><br>Voorraadbeheer van de primaire elementen : profielen, dichtingen, accessoires, enz. Bestelling voor de leveranciers (papier of e-mail), behandeling van de leveringen.<\/td><\/tr><tr><td>\n<p align=\"center\">B11<\/p>\n<\/td><td><strong>Inlezen van dossiers en klanten<\/strong><br>In XML formaat komende van een extern programma<\/td><\/tr><tr><td>\n<p align=\"center\">B12<\/p>\n<\/td><td><strong>Inlezen van ramen <\/strong><br>In XML formaat komende van een extern programma<\/td><\/tr><tr><td>\n<p align=\"center\">B13<br><a href=\"https:\/\/www.dsi.eu\/wp-content\/uploads\/2019\/05\/B13-Planning-nl.pdf\" target=\"_blank\" rel=\"noopener noreferrer\"><img decoding=\"async\" style=\"margin-top: 5px; margin-bottom: 5px;\" src=\"https:\/\/www.dsi.eu\/wp-content\/uploads\/2019\/05\/icon-publications-2.png\" alt=\"\" height=\"30\"><\/a><\/p>\n<\/td><td><strong>Planning <\/strong><br>Planning van de productie voor een bepaalde periode (per week, dag \u2026).<\/td><\/tr><tr><td>\n<p align=\"center\">B16<\/p>\n<figure><a href=\"https:\/\/www.dsi.eu\/wp-content\/uploads\/2019\/05\/B16-Thermique-1.pdf\" target=\"_blank\" rel=\"noopener noreferrer\"><img decoding=\"async\" style=\"margin-top: 5px; margin-bottom: 5px;\" src=\"https:\/\/www.dsi.eu\/wp-content\/uploads\/2019\/05\/icon-publications-2.png\" alt=\"\" height=\"30\"><\/a><\/figure><p align=\"center\"><\/p>\n<\/td><td><strong>Calcul Thermique des menuiseries <\/strong><br>Module destin\u00e9 \u00e0 calculer les coefficient Thermique Uw des menuiserie.<\/td><\/tr><tr><th>\n<div align=\"center\"><strong>Tekening module<\/strong><\/div>\n<\/th><\/tr><tr><td>\n<p align=\"center\">D1<br><a href=\"https:\/\/www.dsi.eu\/wp-content\/uploads\/2019\/05\/D1-Ontwerp-nl.pdf\" target=\"_blank\" rel=\"noopener noreferrer\"><img decoding=\"async\" style=\"margin-top: 5px; margin-bottom: 5px;\" src=\"https:\/\/www.dsi.eu\/wp-content\/uploads\/2019\/05\/icon-publications-2.png\" alt=\"\" height=\"30\"><\/a><\/p>\n<\/td><td><strong>Tekenen<\/strong><br>G\u00e9n\u00e9ration automatique des plans d\u00e9taill\u00e9s (vue en coupe), avec cotation automati\u00acque + logiciel de dessin pour compl\u00e9ter les coupes par la mise en \u0153uvre<\/td><\/tr><tr><th><strong>Fabricatie modules<\/strong><\/th><\/tr><tr><td>\n<p align=\"center\">F1<\/p>\n<\/td><td><strong>Fabricatie<\/strong><br>Fabricatie van om het even welke vorm van ramen. Optimalisatie (afvalbeheer inbegrepen) met afdruk van de glasbestelling, werkhuisfiche, zaaglijst, materiaallijst en handwerk. Het in fabricatie brengen gebeurt bestelling per bestelling.<\/td><\/tr><tr><td>\n<p align=\"center\">F2<br><a href=\"https:\/\/www.dsi.eu\/wp-content\/uploads\/2019\/05\/F2-Productie-nl.pdf\" target=\"_blank\" rel=\"noopener noreferrer\"><img decoding=\"async\" style=\"margin-top: 5px; margin-bottom: 5px;\" src=\"https:\/\/www.dsi.eu\/wp-content\/uploads\/2019\/05\/icon-publications-2.png\" alt=\"\" height=\"30\"><\/a><\/p>\n<\/td><td><strong>Loten en procesverloop<\/strong><br>Beheer van de productieloten. Vrije keuze voor de wijze waarop de ramen gegroepeerd worden (glasbestelling, bevoorrading, fabricatie\u2026.). Alle behandelingen van de module F1 kunnen per lot gegroepeerd worden. Afdruk van een etiket voor elk profiel.<\/td><\/tr><tr><td>\n<p align=\"center\">F3<\/p>\n<figure><a href=\"https:\/\/www.dsi.eu\/wp-content\/uploads\/2019\/05\/F3-Usinage-1.pdf\" target=\"_blank\" rel=\"noopener noreferrer\"><img decoding=\"async\" style=\"margin-top: 5px; margin-bottom: 5px;\" src=\"https:\/\/www.dsi.eu\/wp-content\/uploads\/2019\/05\/icon-publications-2.png\" alt=\"\" height=\"30\"><\/a><\/figure><p align=\"center\"><\/p>\n<\/td><td><strong>Bewerkingen<\/strong><br>Berekening van alle bewerkingen op de profielen met afdruk op de zaaglijst en\/of de etiketten.<\/td><\/tr><tr><td>\n<p align=\"center\">F4<br><a href=\"https:\/\/www.dsi.eu\/wp-content\/uploads\/2019\/05\/F4-Terminals-productieopvolging-nl.pdf\" target=\"_blank\" rel=\"noopener noreferrer\"><img decoding=\"async\" style=\"margin-top: 5px; margin-bottom: 5px;\" src=\"https:\/\/www.dsi.eu\/wp-content\/uploads\/2019\/05\/icon-publications-2.png\" alt=\"\" height=\"30\"><\/a><\/p>\n<\/td><td><strong>Werkposten<\/strong><br>Module die toelaat om terminals, eventueel met barcode, in het atelier te bedienen. Prijs per 6 terminals<\/td><\/tr><tr><td>\n<p align=\"center\">F5<br><a href=\"https:\/\/www.dsi.eu\/wp-content\/uploads\/2019\/05\/F5-Multisite-multiconfig-prod-1.pdf\" target=\"_blank\" rel=\"noopener noreferrer\"><img decoding=\"async\" style=\"margin-top: 5px; margin-bottom: 5px;\" src=\"https:\/\/www.dsi.eu\/wp-content\/uploads\/2019\/05\/icon-publications-2.png\" alt=\"\" height=\"30\"><\/a><\/p>\n<\/td><td><strong>Meerdere productiesites<\/strong><br>Meerdere productieconfiguraties (machines, werkposten, profielkarren) kunnen defini\u00ebren en juist voor de fabricatie beslissen welke site de productie gaat uitvoeren<\/td><\/tr><tr><td>\n<p align=\"center\">F6<br><a href=\"https:\/\/www.dsi.eu\/wp-content\/uploads\/2019\/05\/F6-Geavanceerde-optimalisering-nl.pdf\" target=\"_blank\" rel=\"noopener noreferrer\"><img decoding=\"async\" style=\"margin-top: 5px; margin-bottom: 5px;\" src=\"https:\/\/www.dsi.eu\/wp-content\/uploads\/2019\/05\/icon-publications-2.png\" alt=\"\" height=\"30\"><\/a><\/p>\n<\/td><td><strong>Geavanceerde optimalisatie<\/strong><br>Naast de klassieke optimalisatie (module F1) biedt deze module de volgende opties : vooraf verzagen (mengen van profielen uit opeenvolgende optimalisaties) en optimalisatie juist voor in productie brengen (kan in atelier opgestart worden)<\/td><\/tr><tr><td>\n<p align=\"center\">F7<br><a href=\"https:\/\/www.dsi.eu\/wp-content\/uploads\/2019\/05\/F7-Gedeeltelijke-Productie-nl.pdf\" target=\"_blank\" rel=\"noopener noreferrer\"><img decoding=\"async\" style=\"margin-top: 5px; margin-bottom: 5px;\" src=\"https:\/\/www.dsi.eu\/wp-content\/uploads\/2019\/05\/icon-publications-2.png\" alt=\"\" height=\"30\"><\/a><\/p>\n<\/td><td><strong>Gedeeltelijke herfabricatie<\/strong><br>Laat toe een raam geheel of gedeeltelijk te herfabriceren (als gevolg van breuk, mankementen\u2026)<\/td><\/tr><tr><td>\n<p align=\"center\">F8<br><a href=\"https:\/\/www.dsi.eu\/wp-content\/uploads\/2019\/05\/F8-Documenten-per-post-nl.pdf\" target=\"_blank\" rel=\"noopener noreferrer\"><img decoding=\"async\" style=\"margin-top: 5px; margin-bottom: 5px;\" src=\"https:\/\/www.dsi.eu\/wp-content\/uploads\/2019\/05\/icon-publications-2.png\" alt=\"\" height=\"30\"><\/a><\/p>\n<\/td><td><strong>Documenten per post en per product. <\/strong><br>Laat toe het volgende te configureren :\n<p>&nbsp;<\/p>\n<ul>\n<li>Een verschillend document per product (raam, deur, rolluik, &#8230;)<\/li>\n<li>Een werkdocument per werkpost<\/li>\n<li>Een document (en\/of een bestand) voor de bestelling van de producten die in onderaanneming worden geproduceerd (vb. Rolluik).<\/li>\n<\/ul>\n<\/td><\/tr><tr><td>\n<p align=\"center\">F9<br><a href=\"https:\/\/www.dsi.eu\/wp-content\/uploads\/2019\/05\/F9-Tijdscontrole-nl.pdf\" target=\"_blank\" rel=\"noopener noreferrer\"><img decoding=\"async\" style=\"margin-top: 5px; margin-bottom: 5px;\" src=\"https:\/\/www.dsi.eu\/wp-content\/uploads\/2019\/05\/icon-publications-2.png\" alt=\"\" height=\"30\"><\/a><\/p>\n<\/td><td><strong>Tijdscontrole<\/strong><br>Laat toe om samen met module F4, de voorziene handwerktijd met de werkelijk gepresteerde tijd te vergelijken op elke werkpost. Aangepaste productieterminals (met mogelijk om een touch screen te gebruiken) die kunnen gebruikt worden door \u00e9\u00e9n of meerdere arbeiders tezelfdertijd.<\/td><\/tr><tr><td>\n<p align=\"center\">F10<\/p>\n<\/td><td><strong>Assistentie bij rangschikking van beglazingen<\/strong><br>Laat toe om samen met module F4, en met samenwerking van uw glasleverancier, de beglazingen te rangschikken bij de levering om ze daarna gemakkelijk terug te vinden wanneer de eigenlijk montage plaatsvindt.<\/td><\/tr><tr><td>\n<p align=\"center\">F11<br><a href=\"https:\/\/www.dsi.eu\/wp-content\/uploads\/2019\/05\/F11-Uitgebreide-beglazing-nl.pdf\" target=\"_blank\" rel=\"noopener noreferrer\"><img decoding=\"async\" style=\"margin-top: 5px; margin-bottom: 5px;\" src=\"https:\/\/www.dsi.eu\/wp-content\/uploads\/2019\/05\/icon-publications-2.png\" alt=\"\" height=\"30\"><\/a><\/p>\n<\/td><td><strong>Uitgebreide beglazing<\/strong><br>Bijkomende funties voor de beglazingen. Behandeling van de hogere energieprijzen, meerdere leveranciers met assistentie bij de keuze ervan, systeem voor terugvinden van de beglazingen bij plaatsing, een speciale prijs voor de beglazing per dossier toekennen, \u2026<\/td><\/tr><tr><th><strong>Commerci\u00eble modules<\/strong><\/th><\/tr><tr><td>\n<p align=\"center\">P1<br><a href=\"https:\/\/www.dsi.eu\/wp-content\/uploads\/2019\/05\/P1-Prijsberekening-nl.pdf\" target=\"_blank\" rel=\"noopener noreferrer\"><img decoding=\"async\" style=\"margin-top: 5px; margin-bottom: 5px;\" src=\"https:\/\/www.dsi.eu\/wp-content\/uploads\/2019\/05\/icon-publications-2.png\" alt=\"\" height=\"30\"><\/a><\/p>\n<\/td><td><strong>Prijsberekening<\/strong><br>Kostprijsberekening van het materiaal en het handwerk (met kortingen voor leveranciers en klanten). Valorisatie van de beglazingsbestelling en de materiaallijs. Afdruk van een gedetailleerde lijst of samenvatting per raam of per dossier.<\/td><\/tr><tr><td>\n<p align=\"center\">P2<\/p>\n<\/td><td><strong>Commerci\u00eble documenten<\/strong><br>Programma dat toelaat om eigen documenten te cre\u00ebren (bestek, bevestiging bestelling, leveringsbon\u2026) met of zonder tekening op schaal.<\/td><\/tr><tr><td>\n<p align=\"center\">P3<br><a href=\"https:\/\/www.dsi.eu\/wp-content\/uploads\/2019\/05\/P3-Tarieftabellen-nl.pdf\" target=\"_blank\" rel=\"noopener noreferrer\"><img decoding=\"async\" style=\"margin-top: 5px; margin-bottom: 5px;\" src=\"https:\/\/www.dsi.eu\/wp-content\/uploads\/2019\/05\/icon-publications-2.png\" alt=\"\" height=\"30\"><\/a><\/p>\n<\/td><td><strong>Tarieven<\/strong><br>Berekening, afdruk en opslag van verkoopstabellen van de ramen in de bibliotheek.<\/td><\/tr><tr><td>\n<p align=\"center\">P4<br><a href=\"https:\/\/www.dsi.eu\/wp-content\/uploads\/2019\/05\/P4-Prijsberekening-aflezen-abellen-nl.pdf\" target=\"_blank\" rel=\"noopener noreferrer\"><img decoding=\"async\" style=\"margin-top: 5px; margin-bottom: 5px;\" src=\"https:\/\/www.dsi.eu\/wp-content\/uploads\/2019\/05\/icon-publications-2.png\" alt=\"\" height=\"30\"><\/a><\/p>\n<\/td><td><strong>Prijsberekening van de verkoopprijs op basis van tarieven<\/strong><\/td><\/tr><\/tbody><\/table><\/figure>\n<\/div>\n<\/div>\n","protected":false},"excerpt":{"rendered":"<p>Algemene, Tekening, Fabricatie modules<\/p>\n","protected":false},"author":1,"featured_media":0,"parent":770,"menu_order":0,"comment_status":"closed","ping_status":"closed","template":"","meta":{"footnotes":""},"class_list":["post-877","page","type-page","status-publish","hentry"],"_links":{"self":[{"href":"https:\/\/www.dsi.eu\/nl\/wp-json\/wp\/v2\/pages\/877","targetHints":{"allow":["GET"]}}],"collection":[{"href":"https:\/\/www.dsi.eu\/nl\/wp-json\/wp\/v2\/pages"}],"about":[{"href":"https:\/\/www.dsi.eu\/nl\/wp-json\/wp\/v2\/types\/page"}],"author":[{"embeddable":true,"href":"https:\/\/www.dsi.eu\/nl\/wp-json\/wp\/v2\/users\/1"}],"replies":[{"embeddable":true,"href":"https:\/\/www.dsi.eu\/nl\/wp-json\/wp\/v2\/comments?post=877"}],"version-history":[{"count":7,"href":"https:\/\/www.dsi.eu\/nl\/wp-json\/wp\/v2\/pages\/877\/revisions"}],"predecessor-version":[{"id":1697,"href":"https:\/\/www.dsi.eu\/nl\/wp-json\/wp\/v2\/pages\/877\/revisions\/1697"}],"up":[{"embeddable":true,"href":"https:\/\/www.dsi.eu\/nl\/wp-json\/wp\/v2\/pages\/770"}],"wp:attachment":[{"href":"https:\/\/www.dsi.eu\/nl\/wp-json\/wp\/v2\/media?parent=877"}],"curies":[{"name":"wp","href":"https:\/\/api.w.org\/{rel}","templated":true}]}}