{"id":87,"date":"2019-04-30T10:21:14","date_gmt":"2019-04-30T08:21:14","guid":{"rendered":"https:\/\/www.dsi.eu\/?page_id=87"},"modified":"2022-09-30T11:31:30","modified_gmt":"2022-09-30T09:31:30","slug":"questions-frequentes","status":"publish","type":"page","link":"https:\/\/www.dsi.eu\/fr\/chacal\/questions-frequentes\/","title":{"rendered":"Questions fr\u00e9quentes"},"content":{"rendered":"\n<h2 class=\"wp-block-heading\">DSI et CHACAL: du concret avant tout<\/h2>\n\n\n\n<p>Vous vous dites probablement : tout ceci est bien beau, MAIS \u2026<\/p>\n\n\n\n<p>Ce \u00a0\u00bb mais \u00a0\u00bb l\u00e0 est le plus simple \u00e0 supprimer. Voici quelques r\u00e9ponses aux questions les plus fr\u00e9quemment pos\u00e9es :<\/p>\n","protected":false},"excerpt":{"rendered":"<p>Vous vous dites probablement : tout ceci est bien beau, MAIS \u2026<\/p>\n","protected":false},"author":1,"featured_media":0,"parent":27,"menu_order":0,"comment_status":"closed","ping_status":"closed","template":"temp_faq.php","meta":{"footnotes":""},"class_list":["post-87","page","type-page","status-publish","hentry"],"_links":{"self":[{"href":"https:\/\/www.dsi.eu\/fr\/wp-json\/wp\/v2\/pages\/87","targetHints":{"allow":["GET"]}}],"collection":[{"href":"https:\/\/www.dsi.eu\/fr\/wp-json\/wp\/v2\/pages"}],"about":[{"href":"https:\/\/www.dsi.eu\/fr\/wp-json\/wp\/v2\/types\/page"}],"author":[{"embeddable":true,"href":"https:\/\/www.dsi.eu\/fr\/wp-json\/wp\/v2\/users\/1"}],"replies":[{"embeddable":true,"href":"https:\/\/www.dsi.eu\/fr\/wp-json\/wp\/v2\/comments?post=87"}],"version-history":[{"count":7,"href":"https:\/\/www.dsi.eu\/fr\/wp-json\/wp\/v2\/pages\/87\/revisions"}],"predecessor-version":[{"id":1684,"href":"https:\/\/www.dsi.eu\/fr\/wp-json\/wp\/v2\/pages\/87\/revisions\/1684"}],"up":[{"embeddable":true,"href":"https:\/\/www.dsi.eu\/fr\/wp-json\/wp\/v2\/pages\/27"}],"wp:attachment":[{"href":"https:\/\/www.dsi.eu\/fr\/wp-json\/wp\/v2\/media?parent=87"}],"curies":[{"name":"wp","href":"https:\/\/api.w.org\/{rel}","templated":true}]}}