{"id":697,"date":"2019-05-22T12:47:52","date_gmt":"2019-05-22T10:47:52","guid":{"rendered":"https:\/\/www.dsi.eu\/?page_id=697"},"modified":"2022-09-30T11:31:16","modified_gmt":"2022-09-30T09:31:16","slug":"modules","status":"publish","type":"page","link":"https:\/\/www.dsi.eu\/fr\/chacal\/modules\/","title":{"rendered":"Modules"},"content":{"rendered":"\n<figure class=\"wp-block-table\"><table><tbody><tr><th>Modules g\u00e9n\u00e9raux<\/th><\/tr><tr><td>\n<p align=\"center\">B1<\/p>\n<\/td><td><strong>Structures<\/strong><br>Assemblage de menuiseries fabriqu\u00e9es s\u00e9par\u00e9ment.<\/td><\/tr><tr><td>\n<p align=\"center\">B2<\/p>\n<\/td><td><strong>Murs-rideaux<\/strong><br>Traitement d&rsquo;\u00e9l\u00e9ments de fa\u00e7ade en Aluminium<\/td><\/tr><tr><td>\n<p align=\"center\">B4<br><a href=\"https:\/\/www.dsi.eu\/wp-content\/uploads\/2019\/05\/B4-Transfert-Dossiers.pdf\" target=\"_blank\" rel=\"noopener noreferrer\"><img decoding=\"async\" style=\"margin-top: 5px; margin-bottom: 5px;\" src=\"https:\/\/www.dsi.eu\/wp-content\/uploads\/2019\/05\/icon-publications-2.png\" alt=\"\" height=\"30\"><\/a><\/p>\n<\/td><td><strong>Transfert Dossiers<\/strong><br>Transfert de dossiers d\u2019un site \u00e0 l\u2019autre, ou depuis les commerciaux vers le si\u00e8ge.<\/td><\/tr><tr><td>\n<p align=\"center\">B5<br><a href=\"https:\/\/www.dsi.eu\/wp-content\/uploads\/2019\/05\/B5-Inertie.pdf\" target=\"_blank\" rel=\"noopener noreferrer\"><img decoding=\"async\" style=\"margin-top: 5px; margin-bottom: 5px;\" src=\"https:\/\/www.dsi.eu\/wp-content\/uploads\/2019\/05\/icon-publications-2.png\" alt=\"\" height=\"30\"><\/a><\/p>\n<\/td><td><strong>Inertie<\/strong><br>Calcul de l\u2019inertie n\u00e9cessaire pour les meneaux et traverses en fonction de la pression du vent.<\/td><\/tr><tr><td>\n<p align=\"center\">B6<br><a href=\"https:\/\/www.dsi.eu\/wp-content\/uploads\/2019\/05\/B6-Revendeurs.pdf\" target=\"_blank\" rel=\"noopener noreferrer\"><img decoding=\"async\" style=\"margin-top: 5px; margin-bottom: 5px;\" src=\"https:\/\/www.dsi.eu\/wp-content\/uploads\/2019\/05\/icon-publications-2.png\" alt=\"\" height=\"30\"><\/a><\/p>\n<\/td><td><strong>Revendeurs<\/strong><br>Module destin\u00e9 \u00e0 \u00eatre utilis\u00e9 par vos CLIENTS revendeurs. Permet une saisie commpl\u00e8te mais en impression exclusivement les documents commerciaux. (1) Prix d\u00e9\u00acgressif selon quantit\u00e9s : nous consulter<\/td><\/tr><tr><td>\n<p align=\"center\">B7<br><a href=\"https:\/\/www.dsi.eu\/wp-content\/uploads\/2019\/05\/ReseauB3B7.pdf\" target=\"_blank\" rel=\"noopener noreferrer\"><img decoding=\"async\" style=\"margin-top: 5px; margin-bottom: 5px;\" src=\"https:\/\/www.dsi.eu\/wp-content\/uploads\/2019\/05\/icon-publications-2.png\" alt=\"\" height=\"30\"><\/a><\/p>\n<\/td><td><strong>Terminal server<\/strong><\/td><\/tr><tr><td>\n<p align=\"center\">B8<\/p>\n<figure><a href=\"https:\/\/www.dsi.eu\/wp-content\/uploads\/2019\/05\/B8-Gestion-de-stock.pdf\" target=\"_blank\" rel=\"noopener noreferrer\"><img decoding=\"async\" style=\"margin-top: 5px; margin-bottom: 5px;\" src=\"https:\/\/www.dsi.eu\/wp-content\/uploads\/2019\/05\/icon-publications-2.png\" alt=\"\" height=\"30\"><\/a><\/figure><p align=\"center\"><\/p>\n<\/td><td><strong>Gestion de stock<\/strong><br>Gestion du stock des mati\u00e8res premi\u00e8res : profil\u00e9s, joints, accessoires, etc. commmandes aux fournisseurs (papier ou\/et e-mail), traitement des livraisons.<\/td><\/tr><tr><td>\n<p align=\"center\">B11<\/p>\n<\/td><td><strong>Importation de dossiers et clients<\/strong><br>Depuis un logiciel ext\u00e9rieur, en format XML<\/td><\/tr><tr><td>\n<p align=\"center\">B12<\/p>\n<\/td><td><strong>Importation de la d\u00e9finition technique des menuiseries <\/strong><br>(format idem B11)<\/td><\/tr><tr><td>\n<p align=\"center\">B13<br><a href=\"https:\/\/www.dsi.eu\/wp-content\/uploads\/2019\/05\/B13-Planning.pdf\" target=\"_blank\" rel=\"noopener noreferrer\"><img decoding=\"async\" style=\"margin-top: 5px; margin-bottom: 5px;\" src=\"https:\/\/www.dsi.eu\/wp-content\/uploads\/2019\/05\/icon-publications-2.png\" alt=\"\" height=\"30\"><\/a><\/p>\n<\/td><td><strong>Planning <\/strong><br>Planification de la production par p\u00e9riode (semaine, jour,\u2026).<\/td><\/tr><tr><td>\n<p align=\"center\">B16<\/p>\n<figure><a href=\"https:\/\/www.dsi.eu\/wp-content\/uploads\/2019\/05\/B16-Thermique.pdf\" target=\"_blank\" rel=\"noopener noreferrer\"><img decoding=\"async\" style=\"margin-top: 5px; margin-bottom: 5px;\" src=\"https:\/\/www.dsi.eu\/wp-content\/uploads\/2019\/05\/icon-publications-2.png\" alt=\"\" height=\"30\"><\/a><\/figure><p align=\"center\"><\/p>\n<\/td><td><strong>Calcul Thermique des menuiseries <\/strong><br>Module destin\u00e9 \u00e0 calculer les coefficient Thermique Uw des menuiserie.<\/td><\/tr><\/tbody><\/table><\/figure>\n\n\n\n<figure class=\"wp-block-table\"><table><tbody><tr><th>\n<div align=\"center\"><strong>Module de Dessin<\/strong><\/div>\n<\/th><\/tr><tr><td>\n<p align=\"center\">D1<br><a href=\"https:\/\/www.dsi.eu\/wp-content\/uploads\/2019\/05\/D1-Dessin.pdf\" target=\"_blank\" rel=\"noopener noreferrer\"><img decoding=\"async\" style=\"margin-top: 5px; margin-bottom: 5px;\" src=\"https:\/\/www.dsi.eu\/wp-content\/uploads\/2019\/05\/icon-publications-2.png\" alt=\"\" height=\"30\"><\/a><\/p>\n<\/td><td><strong>Dessin<\/strong><br>G\u00e9n\u00e9ration automatique des plans d\u00e9taill\u00e9s (vue en coupe), avec cotation automati\u00acque + logiciel de dessin pour compl\u00e9ter les coupes par la mise en \u0153uvre<\/td><\/tr><\/tbody><\/table><\/figure>\n\n\n\n<figure class=\"wp-block-table\"><table><tbody><tr><th><strong>Modules de fabrication<\/strong><\/th><\/tr><tr><td>\n<p align=\"center\">F1<\/p>\n<\/td><td><strong>Fabrication<\/strong><br>Fabrication de toute forme de fen\u00eatre. Logiciel d&rsquo;optimisation (y inclus gestion des chutes) avec \u00e9dition de la commande de vitrages, fiche de fabrication, liste de d\u00e9bit, besoins mati\u00e8res et main d&rsquo;\u0153uvre. Le lancement en fabrication doit se faire commande par commande.<\/td><\/tr><tr><td>\n<p align=\"center\">F2<br><a href=\"https:\/\/www.dsi.eu\/wp-content\/uploads\/2019\/05\/F2-Lots-et-Ordonnancement.pdf\" target=\"_blank\" rel=\"noopener noreferrer\"><img decoding=\"async\" style=\"margin-top: 5px; margin-bottom: 5px;\" src=\"https:\/\/www.dsi.eu\/wp-content\/uploads\/2019\/05\/icon-publications-2.png\" alt=\"\" height=\"30\"><\/a><\/p>\n<\/td><td><strong>Lots et ordonnancement<\/strong><br>Gestion de lots de fabrication. Organisation des regrou\u00acpements de commandes au choix (commandes de vitrage, approvisionnements, fabri\u00accation,\u2026) Tous les traitements du module F1 peuvent \u00eatre re\u00acgroup\u00e9s par lots. Edition d&rsquo;\u00e9tiquettes par profil\u00e9.<\/td><\/tr><tr><td>\n<p align=\"center\">F3<\/p>\n<figure><a href=\"https:\/\/www.dsi.eu\/wp-content\/uploads\/2019\/05\/F3-Usinage.pdf\" target=\"_blank\" rel=\"noopener noreferrer\"><img decoding=\"async\" style=\"margin-top: 5px; margin-bottom: 5px;\" src=\"https:\/\/www.dsi.eu\/wp-content\/uploads\/2019\/05\/icon-publications-2.png\" alt=\"\" height=\"30\"><\/a><\/figure><p align=\"center\"><\/p>\n<\/td><td><strong>Usinage<\/strong><br>Calcul du positionnement de toutes les op\u00e9rations de per\u00e7age, usinage avec impres\u00acsion sur la liste de d\u00e9bit les \u00e9tiquettes ou les documents \u00ab par poste \u00bb.<\/td><\/tr><tr><td>\n<p align=\"center\">F4<br><a href=\"https:\/\/www.dsi.eu\/wp-content\/uploads\/2019\/05\/F4-terminaux-atelier-suivi-de-production.pdf\" target=\"_blank\" rel=\"noopener noreferrer\"><img decoding=\"async\" style=\"margin-top: 5px; margin-bottom: 5px;\" src=\"https:\/\/www.dsi.eu\/wp-content\/uploads\/2019\/05\/icon-publications-2.png\" alt=\"\" height=\"30\"><\/a><\/p>\n<\/td><td><strong>Terminaux d\u2019atelier \u2013 Suivi de production<\/strong><br>Mise en \u0153uvre de terminaux en atelier avec possibilit\u00e9 de lecture de code \u00e0 barres. Comprend \u00e9galement le suivi de l\u2019\u00e9tat d\u2019avancement depuis les bureaux.<\/td><\/tr><tr><td>\n<p align=\"center\">F5<br><a href=\"https:\/\/www.dsi.eu\/wp-content\/uploads\/2019\/05\/F5-Multisite-multiconfig-prod.pdf\" target=\"_blank\" rel=\"noopener noreferrer\"><img decoding=\"async\" style=\"margin-top: 5px; margin-bottom: 5px;\" src=\"https:\/\/www.dsi.eu\/wp-content\/uploads\/2019\/05\/icon-publications-2.png\" alt=\"\" height=\"30\"><\/a><\/p>\n<\/td><td><strong>Multi-sites de production<\/strong><br>Pouvoir d\u00e9finir plusieurs configurations de production (machines, postes de travail, chariots,\u2026) et d\u00e9cider dans quelle configuration un lancement doit \u00eatre r\u00e9alis\u00e9.<\/td><\/tr><tr><td>\n<p align=\"center\">F6<br><a href=\"https:\/\/www.dsi.eu\/wp-content\/uploads\/2019\/05\/F6-optimisation-avance.pdf\" target=\"_blank\" rel=\"noopener noreferrer\"><img decoding=\"async\" style=\"margin-top: 5px; margin-bottom: 5px;\" src=\"https:\/\/www.dsi.eu\/wp-content\/uploads\/2019\/05\/icon-publications-2.png\" alt=\"\" height=\"30\"><\/a><\/p>\n<\/td><td><strong>Optimisation avanc\u00e9e<\/strong><br>En plus de l\u2019optimisation \u00ab classique \u00bb, incluse dans F1, permet notamment la coupe par avance et l\u2019optimisation diff\u00e9r\u00e9e dans le temps avec lancement dans l\u2019atelier.<\/td><\/tr><tr><td>\n<p align=\"center\">F7<br><a href=\"https:\/\/www.dsi.eu\/wp-content\/uploads\/2019\/05\/F7-Relancement-partiel.pdf\" target=\"_blank\" rel=\"noopener noreferrer\"><img decoding=\"async\" style=\"margin-top: 5px; margin-bottom: 5px;\" src=\"https:\/\/www.dsi.eu\/wp-content\/uploads\/2019\/05\/icon-publications-2.png\" alt=\"\" height=\"30\"><\/a><\/p>\n<\/td><td><strong>Relancement partiel<\/strong><br>Lancement (en cas de casse ou d\u00e9fauts) des parties de fen\u00eatres en production.<\/td><\/tr><tr><td>\n<p align=\"center\">F8<br><a href=\"https:\/\/www.dsi.eu\/wp-content\/uploads\/2019\/05\/F8-document-par-poste.pdf\" target=\"_blank\" rel=\"noopener noreferrer\"><img decoding=\"async\" style=\"margin-top: 5px; margin-bottom: 5px;\" src=\"https:\/\/www.dsi.eu\/wp-content\/uploads\/2019\/05\/icon-publications-2.png\" alt=\"\" height=\"30\"><\/a><\/p>\n<\/td><td><strong>Documents par poste et produit. Sous-traitance<\/strong><br>Permet de configurer :\n<p>&nbsp;<\/p>\n<ul>\n<li>Une fiche \u00absuiveuse\u00bb diff\u00e9rente par type de produit (fen\u00eatre, porte, volet, \u2026)<\/li>\n<li>Un document de production par poste de travail<\/li>\n<li>Un document (et\/ou g\u00e9n\u00e9ration d\u2019un fichier) pour la commande des produits<br>sous-trait\u00e9s aupr\u00e8s de fournisseurs ext\u00e9rieurs.<\/li>\n<\/ul>\n<\/td><\/tr><tr><td>\n<p align=\"center\">F9<br><a href=\"https:\/\/www.dsi.eu\/wp-content\/uploads\/2019\/05\/F9-Controle-des-temps.pdf\" target=\"_blank\" rel=\"noopener noreferrer\"><img decoding=\"async\" style=\"margin-top: 5px; margin-bottom: 5px;\" src=\"https:\/\/www.dsi.eu\/wp-content\/uploads\/2019\/05\/icon-publications-2.png\" alt=\"\" height=\"30\"><\/a><\/p>\n<\/td><td><strong>Contr\u00f4le des temps<\/strong><br>En association avec le module F4, permet la comparaison des temps pr\u00e9vus et r\u00e9el\u00aclement pass\u00e9s sur chaque poste de travail. Des terminaux adapt\u00e9s (avec possibilit\u00e9 de fonctionnement en mode \u00ab \u00e9cran tactile \u00bb permettent \u00e0 plusieurs ouvriers de par\u00actager un m\u00eame terminal de saisie.<\/td><\/tr><tr><td>\n<p align=\"center\">F10<\/p>\n<\/td><td><strong>Assistance au classement des vitrages<\/strong><br>En association avec le module F4, et en collaboration avec votre fournisseur, permet le classement des vitrages \u00e0 leur livraison puis leur localisation au moment o\u00f9 l\u2019on vi\u00actre la fen\u00eatre.<\/td><\/tr><tr><td>\n<p align=\"center\">F11<\/p>\n<\/td><td><strong>Vitrage \u00e9tendu <\/strong><br>Fonction avanc\u00e9e concernant les vitrages.<br>Ce module permet entre autre de g\u00e9rer le surco\u00fbt \u00e9nerg\u00e9tique, plusieurs fournisseurs de vitrage avec assistance automatique de choix, rep\u00e9rage des vitrage pour la pose, associ\u00e9 un prix sp\u00e9cial de vitrage pour un dossier, \u2026<\/td><\/tr><\/tbody><\/table><\/figure>\n\n\n\n<figure class=\"wp-block-table\"><table><tbody><tr><th><strong>Modules commerciaux<\/strong><\/th><\/tr><tr><td>\n<p align=\"center\">P1<br><a href=\"https:\/\/www.dsi.eu\/wp-content\/uploads\/2019\/05\/P1-Calcul-de-prix.pdf\" target=\"_blank\" rel=\"noopener noreferrer\"><img decoding=\"async\" style=\"margin-top: 5px; margin-bottom: 5px;\" src=\"https:\/\/www.dsi.eu\/wp-content\/uploads\/2019\/05\/icon-publications-2.png\" alt=\"\" height=\"30\"><\/a><\/p>\n<\/td><td><strong>Calcul de prix<\/strong><br>Calcul de prix d\u00e9taill\u00e9 (\u00ab\u00a0au d\u00e9bours\u00e9\u00a0\u00bb) mati\u00e8re et main d&rsquo;\u0153uvre. Gestion des remises fournisseurs et clients. Valorisation des commandes vitrages et des besoins mati\u00e8res. Edition de documents d\u00e9taill\u00e9s ou synth\u00e9tiques par dossier et par ch\u00e2ssis.<\/td><\/tr><tr><td>\n<p align=\"center\">P2<\/p>\n<\/td><td><strong>Documents commerciaux<\/strong><br>Logiciel permettant de cr\u00e9er autant de mod\u00e8les de documents que l&rsquo;on souhaite (de\u00acvis, confirmation de commande, bon de livraison, \u2026), avec ou sans dessin \u00e0 l&rsquo;\u00e9chelle.<\/td><\/tr><tr><td>\n<p align=\"center\">P3<br><a href=\"https:\/\/www.dsi.eu\/wp-content\/uploads\/2019\/05\/P3-Grilles-de-tarif.pdf\" target=\"_blank\" rel=\"noopener noreferrer\"><img decoding=\"async\" style=\"margin-top: 5px; margin-bottom: 5px;\" src=\"https:\/\/www.dsi.eu\/wp-content\/uploads\/2019\/05\/icon-publications-2.png\" alt=\"\" height=\"30\"><\/a><\/p>\n<\/td><td><strong>Grilles de tarifs<\/strong><br>Calcul, \u00e9dition, et m\u00e9morisation de grilles de tarifs pour tout ch\u00e2ssis en biblioth\u00e8que<\/td><\/tr><tr><td>\n<p align=\"center\">P4<br><a href=\"https:\/\/www.dsi.eu\/wp-content\/uploads\/2019\/05\/P4-Calcul-des-prix-par-lecture-de-grilles.pdf\" target=\"_blank\" rel=\"noopener noreferrer\"><img decoding=\"async\" style=\"margin-top: 5px; margin-bottom: 5px;\" src=\"https:\/\/www.dsi.eu\/wp-content\/uploads\/2019\/05\/icon-publications-2.png\" alt=\"\" height=\"30\"><\/a><\/p>\n<\/td><td><strong>Calcul de prix par lecture des grilles<\/strong><\/td><\/tr><\/tbody><\/table><\/figure>\n","protected":false},"excerpt":{"rendered":"<p>T\u00e9l\u00e9chargez les modules de dessin, fabrication, commerciaux&#8230;<\/p>\n","protected":false},"author":1,"featured_media":0,"parent":27,"menu_order":0,"comment_status":"closed","ping_status":"closed","template":"","meta":{"footnotes":""},"class_list":["post-697","page","type-page","status-publish","hentry"],"_links":{"self":[{"href":"https:\/\/www.dsi.eu\/fr\/wp-json\/wp\/v2\/pages\/697","targetHints":{"allow":["GET"]}}],"collection":[{"href":"https:\/\/www.dsi.eu\/fr\/wp-json\/wp\/v2\/pages"}],"about":[{"href":"https:\/\/www.dsi.eu\/fr\/wp-json\/wp\/v2\/types\/page"}],"author":[{"embeddable":true,"href":"https:\/\/www.dsi.eu\/fr\/wp-json\/wp\/v2\/users\/1"}],"replies":[{"embeddable":true,"href":"https:\/\/www.dsi.eu\/fr\/wp-json\/wp\/v2\/comments?post=697"}],"version-history":[{"count":14,"href":"https:\/\/www.dsi.eu\/fr\/wp-json\/wp\/v2\/pages\/697\/revisions"}],"predecessor-version":[{"id":1683,"href":"https:\/\/www.dsi.eu\/fr\/wp-json\/wp\/v2\/pages\/697\/revisions\/1683"}],"up":[{"embeddable":true,"href":"https:\/\/www.dsi.eu\/fr\/wp-json\/wp\/v2\/pages\/27"}],"wp:attachment":[{"href":"https:\/\/www.dsi.eu\/fr\/wp-json\/wp\/v2\/media?parent=697"}],"curies":[{"name":"wp","href":"https:\/\/api.w.org\/{rel}","templated":true}]}}