{"id":60,"date":"2019-04-30T09:46:58","date_gmt":"2019-04-30T07:46:58","guid":{"rendered":"https:\/\/www.dsi.eu\/?page_id=60"},"modified":"2022-09-30T11:29:24","modified_gmt":"2022-09-30T09:29:24","slug":"liste-de-prix","status":"publish","type":"page","link":"https:\/\/www.dsi.eu\/fr\/velox\/liste-de-prix\/","title":{"rendered":"Liste de prix"},"content":{"rendered":"\n<h2 class=\"wp-block-heading\">Prix unitaire d\u00e9gressif par quantit\u00e9<\/h2>\n\n\n\n<figure class=\"wp-block-table\"><table><tbody><tr><th>Quantit\u00e9<\/th><th>par pi\u00e8ce (hors taxes \u00e9ventuelles)<\/th><\/tr><tr><td>1<\/td><td>949 \u20ac<\/td><\/tr><tr><td>2<\/td><td>864 \u20ac<\/td><\/tr><tr><td>3<\/td><td>812 \u20ac<\/td><\/tr><tr><td>4<\/td><td>775 \u20ac<\/td><\/tr><tr><td>5<\/td><td>747 \u20ac<\/td><\/tr><tr><td>6<\/td><td>725 \u20ac<\/td><\/tr><tr><td>7<\/td><td>706 \u20ac<\/td><\/tr><tr><td>8<\/td><td>690 \u20ac<\/td><\/tr><tr><td>9<\/td><td>676 \u20ac<\/td><\/tr><tr><td>10<\/td><td>664 \u20ac<\/td><\/tr><tr><td>20<\/td><td>604 \u20ac<\/td><\/tr><tr><td>50<\/td><td>539 \u20ac<\/td><\/tr><tr><td>100<\/td><td>490 \u20ac<\/td><\/tr><\/tbody><\/table><\/figure>\n\n\n\n<h3 class=\"wp-block-heading\">Contrat Assist+<\/h3>\n\n\n\n<p>(1 an) = 299 \u20ac Hors taxes \u00e9ventuelles<\/p>\n\n\n\n<p>Acc\u00e8s direct \u00e0 la ligne d&rsquo;assistance avec garantie de r\u00e9ponse rapide<\/p>\n\n\n\n<h3 class=\"wp-block-heading\">Version R\u00e9seau<\/h3>\n\n\n\n<p>= 949 \u20ac Hors taxes \u00e9ventuelles (une seule fois en plus)<\/p>\n\n\n\n<p>Permet de travailler \u00e0 plusieurs sur la m\u00eame base de donn\u00e9es clients<\/p>\n","protected":false},"excerpt":{"rendered":"<p>Prix unitaire d\u00e9gressif par quantit\u00e9<\/p>\n","protected":false},"author":1,"featured_media":0,"parent":57,"menu_order":0,"comment_status":"closed","ping_status":"closed","template":"","meta":{"footnotes":""},"class_list":["post-60","page","type-page","status-publish","hentry"],"_links":{"self":[{"href":"https:\/\/www.dsi.eu\/fr\/wp-json\/wp\/v2\/pages\/60","targetHints":{"allow":["GET"]}}],"collection":[{"href":"https:\/\/www.dsi.eu\/fr\/wp-json\/wp\/v2\/pages"}],"about":[{"href":"https:\/\/www.dsi.eu\/fr\/wp-json\/wp\/v2\/types\/page"}],"author":[{"embeddable":true,"href":"https:\/\/www.dsi.eu\/fr\/wp-json\/wp\/v2\/users\/1"}],"replies":[{"embeddable":true,"href":"https:\/\/www.dsi.eu\/fr\/wp-json\/wp\/v2\/comments?post=60"}],"version-history":[{"count":11,"href":"https:\/\/www.dsi.eu\/fr\/wp-json\/wp\/v2\/pages\/60\/revisions"}],"predecessor-version":[{"id":1680,"href":"https:\/\/www.dsi.eu\/fr\/wp-json\/wp\/v2\/pages\/60\/revisions\/1680"}],"up":[{"embeddable":true,"href":"https:\/\/www.dsi.eu\/fr\/wp-json\/wp\/v2\/pages\/57"}],"wp:attachment":[{"href":"https:\/\/www.dsi.eu\/fr\/wp-json\/wp\/v2\/media?parent=60"}],"curies":[{"name":"wp","href":"https:\/\/api.w.org\/{rel}","templated":true}]}}