{"id":43,"date":"2019-04-30T09:39:41","date_gmt":"2019-04-30T07:39:41","guid":{"rendered":"https:\/\/www.dsi.eu\/?page_id=43"},"modified":"2025-06-24T09:06:30","modified_gmt":"2025-06-24T07:06:30","slug":"simplicite-efficacite","status":"publish","type":"page","link":"https:\/\/www.dsi.eu\/fr\/chacal\/simplicite-efficacite\/","title":{"rendered":"Simplicit\u00e9 &#8211; Efficacit\u00e9"},"content":{"rendered":"\n<h2 class=\"wp-block-heading\">CHACAL: ne pas avoir peur d\u2019\u00eatre simple<\/h2>\n\n\n\n<h3 class=\"wp-block-heading\">Pas besoin de longs discours :<\/h3>\n\n\n\n<ul class=\"wp-block-list\">\n<li>Vous demandez \u00e0 vos fournisseurs de profil\u00e9s de vous donner les fichiers .dxf ou .dwg de vos produits.<\/li>\n\n\n\n<li>Sur base d\u2019\u00e9crans con\u00e7us de mani\u00e8re naturelle, vous compl\u00e9tez ces dessins des informations de fabrication.<\/li>\n\n\n\n<li>Selon le cas, CHACAL utilisera les informations dont il a besoin<\/li>\n\n\n\n<li>Si vous ne voulez vraiment vous occuper de rien, nous pouvons vous fournir des gammes d\u00e9j\u00e0 pr\u00e9par\u00e9es au format CHACAL, avec l\u2019accord de votre fournisseur.<\/li>\n<\/ul>\n\n\n\n<h2 class=\"wp-block-heading\">CHACAL: la simplicit\u00e9 au service de l\u2019efficacit\u00e9<\/h2>\n\n\n\n<h3 class=\"wp-block-heading\">Vision globale<\/h3>\n\n\n\n<p>Chaque fois que c\u2019est possible, CHACAL vous offre une vision globale des informations avec une interface utilisateur standardis\u00e9e. Toutes les op\u00e9rations sur vos devis et commandes se font \u00e0 partir de cet \u00e9cran standard de Windows. Copier, coller, charger depuis la biblioth\u00e8que, lancer la fabrication ou l\u2019impression de plans se font avec la m\u00eame simplicit\u00e9, en ayant toujours \u00e0 l\u2019\u00e9cran une vue synth\u00e9tique des projets en cours.<\/p>\n\n\n\n<figure class=\"wp-block-image size-large\"><img loading=\"lazy\" decoding=\"async\" width=\"1317\" height=\"800\" src=\"https:\/\/www.dsi.eu\/wp-content\/uploads\/2025\/06\/CHACAL-VISION-1-1317x800.jpg\" alt=\"\" class=\"wp-image-1827\" srcset=\"https:\/\/www.dsi.eu\/wp-content\/uploads\/2025\/06\/CHACAL-VISION-1-1317x800.jpg 1317w, https:\/\/www.dsi.eu\/wp-content\/uploads\/2025\/06\/CHACAL-VISION-1-500x304.jpg 500w, https:\/\/www.dsi.eu\/wp-content\/uploads\/2025\/06\/CHACAL-VISION-1-200x121.jpg 200w, https:\/\/www.dsi.eu\/wp-content\/uploads\/2025\/06\/CHACAL-VISION-1-768x467.jpg 768w, https:\/\/www.dsi.eu\/wp-content\/uploads\/2025\/06\/CHACAL-VISION-1-1536x933.jpg 1536w, https:\/\/www.dsi.eu\/wp-content\/uploads\/2025\/06\/CHACAL-VISION-1.jpg 1842w\" sizes=\"auto, (max-width: 1317px) 100vw, 1317px\" \/><\/figure>\n\n\n\n<h2 class=\"wp-block-heading\">S\u2019adapter \u00e0 vos habitudes :<\/h2>\n\n\n<div class=\"wp-block-image\">\n<figure class=\"alignleft size-large is-resized\"><img loading=\"lazy\" decoding=\"async\" width=\"1422\" height=\"800\" src=\"https:\/\/www.dsi.eu\/wp-content\/uploads\/2025\/06\/Tuile-repere-en-saisie-1422x800.jpg\" alt=\"\" class=\"wp-image-1835\" style=\"width:444px;height:auto\" srcset=\"https:\/\/www.dsi.eu\/wp-content\/uploads\/2025\/06\/Tuile-repere-en-saisie-1422x800.jpg 1422w, https:\/\/www.dsi.eu\/wp-content\/uploads\/2025\/06\/Tuile-repere-en-saisie-500x281.jpg 500w, https:\/\/www.dsi.eu\/wp-content\/uploads\/2025\/06\/Tuile-repere-en-saisie-200x113.jpg 200w, https:\/\/www.dsi.eu\/wp-content\/uploads\/2025\/06\/Tuile-repere-en-saisie-768x432.jpg 768w, https:\/\/www.dsi.eu\/wp-content\/uploads\/2025\/06\/Tuile-repere-en-saisie-1536x864.jpg 1536w, https:\/\/www.dsi.eu\/wp-content\/uploads\/2025\/06\/Tuile-repere-en-saisie.jpg 1920w\" sizes=\"auto, (max-width: 1422px) 100vw, 1422px\" \/><\/figure>\n<\/div>\n\n\n<p>Vous faites de la s\u00e9rie. Vous \u00eates habitu\u00e9s aux logiciels d\u2019antan qui adoraient les codes ? N\u2019ayez crainte, CHACAL vous permet de m\u00e9moriser chaque configuration de fen\u00eatre avec un code, voire m\u00eame un num\u00e9ro si vous y tenez vraiment ! Vous pr\u00e9f\u00e9rez par contre voir ce que vous faites, pas de probl\u00e8me ! Un clic sur l\u2019\u00e9cran ci-contre, largeur, hauteur et le tour est jou\u00e9 ! Chez DSI, apr\u00e8s plus de 45 ans et plus de 6000 installations de par le monde, nous avons appris \u00e0 nous adapter. Le dicton ne dit-il pas que \u00a0\u00bb le client a toujours raison \u00a0\u00bb ! Comme nous avons mis dans CHACAL cette longue exp\u00e9rience, vous trouverez en lui un collaborateur certes rigoureux mais qui pourra le plus souvent vous permettre de trouver la m\u00e9thode de travail la plus adapt\u00e9e aux besoins de votre entreprise.<\/p>\n\n\n\n<h2 class=\"wp-block-heading\">CHACAL: Eviter les calculs<\/h2>\n\n\n\n<p>Calculer des \u00e9l\u00e9ments que l\u2019informatique peut faire \u00e0 votre place est une perte de temps et surtout une source d\u2019erreur.<\/p>\n\n\n\n<p>Avec CHACAL, nous vous \u00e9vitons autant que possible ces d\u00e9sagr\u00e9ments : aligner le bas de vitrages, les rendre de largeur \u00e9gale ou modifier un angle de coupe ou un assemblage, ins\u00e9rer des petits bois, voici un mince exemple de ce que CHACAL&nbsp;fera pour vous.<\/p>\n\n\n\n<h2 class=\"wp-block-heading\">CHACAL: Reculer les limites<\/h2>\n\n\n<div class=\"wp-block-image\">\n<figure class=\"alignright\"><img loading=\"lazy\" decoding=\"async\" width=\"325\" height=\"214\" src=\"https:\/\/www.dsi.eu\/wp-content\/uploads\/2019\/04\/chacal-XXI6.gif\" alt=\"\" class=\"wp-image-50\"\/><\/figure>\n<\/div>\n\n\n<p>C\u2019est vrai, une fen\u00eatre comme cela on n\u2019en fait pas tous les jours. Il n\u2019emp\u00eache que c\u2019est rassurant de savoir que l\u2019on dispose d\u2019un outil dont les limites ne risquent pas d\u2019\u00eatre atteintes de sit\u00f4t.<\/p>\n","protected":false},"excerpt":{"rendered":"<p>Ne pas avoir peur d\u2019\u00eatre simple<\/p>\n","protected":false},"author":1,"featured_media":0,"parent":27,"menu_order":0,"comment_status":"closed","ping_status":"closed","template":"","meta":{"footnotes":""},"class_list":["post-43","page","type-page","status-publish","hentry"],"_links":{"self":[{"href":"https:\/\/www.dsi.eu\/fr\/wp-json\/wp\/v2\/pages\/43","targetHints":{"allow":["GET"]}}],"collection":[{"href":"https:\/\/www.dsi.eu\/fr\/wp-json\/wp\/v2\/pages"}],"about":[{"href":"https:\/\/www.dsi.eu\/fr\/wp-json\/wp\/v2\/types\/page"}],"author":[{"embeddable":true,"href":"https:\/\/www.dsi.eu\/fr\/wp-json\/wp\/v2\/users\/1"}],"replies":[{"embeddable":true,"href":"https:\/\/www.dsi.eu\/fr\/wp-json\/wp\/v2\/comments?post=43"}],"version-history":[{"count":17,"href":"https:\/\/www.dsi.eu\/fr\/wp-json\/wp\/v2\/pages\/43\/revisions"}],"predecessor-version":[{"id":1838,"href":"https:\/\/www.dsi.eu\/fr\/wp-json\/wp\/v2\/pages\/43\/revisions\/1838"}],"up":[{"embeddable":true,"href":"https:\/\/www.dsi.eu\/fr\/wp-json\/wp\/v2\/pages\/27"}],"wp:attachment":[{"href":"https:\/\/www.dsi.eu\/fr\/wp-json\/wp\/v2\/media?parent=43"}],"curies":[{"name":"wp","href":"https:\/\/api.w.org\/{rel}","templated":true}]}}