{"id":38,"date":"2019-04-30T09:37:30","date_gmt":"2019-04-30T07:37:30","guid":{"rendered":"https:\/\/www.dsi.eu\/?page_id=38"},"modified":"2025-06-24T09:04:30","modified_gmt":"2025-06-24T07:04:30","slug":"integration-parfaite","status":"publish","type":"page","link":"https:\/\/www.dsi.eu\/fr\/chacal\/integration-parfaite\/","title":{"rendered":"Int\u00e9gration parfaite"},"content":{"rendered":"\n<h2 class=\"wp-block-heading\">Vous avez dit \u00ab\u00a0int\u00e9gr\u00e9\u00a0\u00bb ?<\/h2>\n\n\n<div class=\"wp-block-image\">\n<figure class=\"alignright\"><img loading=\"lazy\" decoding=\"async\" width=\"130\" height=\"252\" src=\"https:\/\/www.dsi.eu\/wp-content\/uploads\/2019\/04\/chacal-XXI3.gif\" alt=\"\" class=\"wp-image-39\"\/><\/figure>\n<\/div>\n\n\n<h3 class=\"wp-block-heading\">Dans la recherche d\u2019un logiciel pour votre m\u00e9tier, vous aurez certainement constat\u00e9 qu\u2019il existe deux grandes familles : les logiciels de calcul qui proposent de timides options de dessin&nbsp;et l\u2019inverse : les superbes logiciels de dessin qui, tant bien que mal, essayent de fabriquer ou de calculer un prix.<\/h3>\n\n\n\n<p>En 1993, quand nous avons d\u00e9marr\u00e9 l\u2019\u00e9tude de ce qui allait \u00eatre notre produit du XXI\u00e8 si\u00e8cle, nous avons refus\u00e9 ce genre de compromis et attaqu\u00e9 le probl\u00e8me \u00e0 la base. C\u2019est ainsi que CHACAL XXI est n\u00e9, et ensuite CHACAL iX, NEXT et maintenant CHACAL VISION. Son secret : une coexistence, dans une base de donn\u00e9es unique des donn\u00e9es graphiques (dessin), techniques (dimensions, \u2026) et administratives (prix, \u2026) de vos produits.<\/p>\n\n\n\n<p>A chaque \u00e9tape, nous utilisons les informations sous une forme directement exploitable, sans conversion ni perte de temps.<\/p>\n\n\n\n<p>Aujourd&rsquo;hui, CHACAL&nbsp;ne fait donc partie d\u2019aucune de ces 2 familles de compromis. Pour g\u00e9n\u00e9rer, de mani\u00e8re totalement automatique, les plans techniques (ci-contre), nous irons bien \u00e9videmment lire les dessins que vous aura fourni votre gammiste (ou nous-m\u00eames, avec son accord). Par contre, pour calculer le d\u00e9bit, CHACAL utilise directement les cotes de fabrication.<\/p>\n","protected":false},"excerpt":{"rendered":"<p>Nous utilisons les informations sous une forme directement exploitable<\/p>\n","protected":false},"author":1,"featured_media":0,"parent":27,"menu_order":0,"comment_status":"closed","ping_status":"closed","template":"","meta":{"footnotes":""},"class_list":["post-38","page","type-page","status-publish","hentry"],"_links":{"self":[{"href":"https:\/\/www.dsi.eu\/fr\/wp-json\/wp\/v2\/pages\/38","targetHints":{"allow":["GET"]}}],"collection":[{"href":"https:\/\/www.dsi.eu\/fr\/wp-json\/wp\/v2\/pages"}],"about":[{"href":"https:\/\/www.dsi.eu\/fr\/wp-json\/wp\/v2\/types\/page"}],"author":[{"embeddable":true,"href":"https:\/\/www.dsi.eu\/fr\/wp-json\/wp\/v2\/users\/1"}],"replies":[{"embeddable":true,"href":"https:\/\/www.dsi.eu\/fr\/wp-json\/wp\/v2\/comments?post=38"}],"version-history":[{"count":10,"href":"https:\/\/www.dsi.eu\/fr\/wp-json\/wp\/v2\/pages\/38\/revisions"}],"predecessor-version":[{"id":1833,"href":"https:\/\/www.dsi.eu\/fr\/wp-json\/wp\/v2\/pages\/38\/revisions\/1833"}],"up":[{"embeddable":true,"href":"https:\/\/www.dsi.eu\/fr\/wp-json\/wp\/v2\/pages\/27"}],"wp:attachment":[{"href":"https:\/\/www.dsi.eu\/fr\/wp-json\/wp\/v2\/media?parent=38"}],"curies":[{"name":"wp","href":"https:\/\/api.w.org\/{rel}","templated":true}]}}