{"id":2,"date":"2019-04-29T16:07:29","date_gmt":"2019-04-29T14:07:29","guid":{"rendered":"https:\/\/www.dsi.eu\/?page_id=2"},"modified":"2022-11-04T15:24:38","modified_gmt":"2022-11-04T14:24:38","slug":"page-d-exemple","status":"publish","type":"page","link":"https:\/\/www.dsi.eu\/fr\/","title":{"rendered":"Accueil"},"content":{"rendered":"\n<h2 class=\"wp-block-heading\">Depuis 1981, l&rsquo;exp\u00e9rience dans le d\u00e9veloppement de logiciels au service DES PROFESSIONNELS deS portes et fen\u00eatres&#8230;<\/h2>\n\n\n\n<p class=\"has-text-align-center\">D.S.I. est une entreprise cr\u00e9\u00e9e en juin 1981, qui, depuis cette date, se consacre exclusivement \u00e0 la r\u00e9alisation de logiciels et \u00e0 la prestation de services dans le domaine exclusif de la menuiserie ext\u00e9rieure de b\u00e2timent en Aluminium, P.V.C., Acier, mixte et bois. Sur un total actuel d\u2019environ 9.450 installations, le march\u00e9 belge en compte environ 1.200, la France 4.500, l\u2019Espagne une centaine, le solde \u00e9tant \u00e0 mettre au cr\u00e9dit de pays tels, le Canada, l\u2019Angleterre, la Su\u00e8de, la Norv\u00e8ge, l\u2019Egypte, la Tunisie, la Pologne, la Tch\u00e8quie, etc&#8230;<\/p>\n\n\n\n<p class=\"has-text-align-center\"><a class=\"button\" href=\"https:\/\/www.dsi.eu\/a-propos\/\">Lire la suite<\/a><\/p>\n","protected":false},"excerpt":{"rendered":"<p>Depuis 1981, l&rsquo;exp\u00e9rience dans le d\u00e9veloppement de logiciels au service DES PROFESSIONNELS deS portes et fen\u00eatres&#8230; D.S.I. est une entreprise cr\u00e9\u00e9e en juin 1981, qui, depuis cette date, se consacre exclusivement \u00e0 la r\u00e9alisation de logiciels et \u00e0 la prestation de services dans le domaine exclusif de la menuiserie ext\u00e9rieure de b\u00e2timent en Aluminium, P.V.C., [&hellip;]<\/p>\n","protected":false},"author":1,"featured_media":0,"parent":0,"menu_order":0,"comment_status":"closed","ping_status":"open","template":"","meta":{"footnotes":""},"class_list":["post-2","page","type-page","status-publish","hentry"],"_links":{"self":[{"href":"https:\/\/www.dsi.eu\/fr\/wp-json\/wp\/v2\/pages\/2","targetHints":{"allow":["GET"]}}],"collection":[{"href":"https:\/\/www.dsi.eu\/fr\/wp-json\/wp\/v2\/pages"}],"about":[{"href":"https:\/\/www.dsi.eu\/fr\/wp-json\/wp\/v2\/types\/page"}],"author":[{"embeddable":true,"href":"https:\/\/www.dsi.eu\/fr\/wp-json\/wp\/v2\/users\/1"}],"replies":[{"embeddable":true,"href":"https:\/\/www.dsi.eu\/fr\/wp-json\/wp\/v2\/comments?post=2"}],"version-history":[{"count":12,"href":"https:\/\/www.dsi.eu\/fr\/wp-json\/wp\/v2\/pages\/2\/revisions"}],"predecessor-version":[{"id":1740,"href":"https:\/\/www.dsi.eu\/fr\/wp-json\/wp\/v2\/pages\/2\/revisions\/1740"}],"wp:attachment":[{"href":"https:\/\/www.dsi.eu\/fr\/wp-json\/wp\/v2\/media?parent=2"}],"curies":[{"name":"wp","href":"https:\/\/api.w.org\/{rel}","templated":true}]}}