{"id":1471,"date":"2019-11-01T10:33:02","date_gmt":"2019-11-01T09:33:02","guid":{"rendered":"https:\/\/www.dsi.eu\/?page_id=1471"},"modified":"2022-09-30T11:26:44","modified_gmt":"2022-09-30T09:26:44","slug":"test-2","status":"publish","type":"page","link":"https:\/\/www.dsi.eu\/fr\/chacal-express\/test-2\/","title":{"rendered":"Reprenez le contr\u00f4le de vos tarifs !"},"content":{"rendered":"\n<h1 class=\"wp-block-heading\">Avec CHACAL Express reprenez la main sur vos tarifs et vos donn\u00e9es !<\/h1>\n\n\n\n<p>Une interface de param\u00e9trage simple et accessible aux non d\u00e9veloppeurs vous permet de cr\u00e9er, modifier et adapter les tarifs de l&rsquo;ensemble de vos produits.<\/p>\n\n\n\n<figure class=\"wp-block-image alignnone\"><a href=\"https:\/\/www.dsi.eu\/wp-content\/uploads\/2020\/03\/Param-tarif-express.png\"><img loading=\"lazy\" decoding=\"async\" width=\"1860\" height=\"1172\" src=\"https:\/\/www.dsi.eu\/wp-content\/uploads\/2020\/03\/Param-tarif-express.png\" alt=\"Tarif Chacal Express\" class=\"wp-image-1525\" srcset=\"https:\/\/www.dsi.eu\/wp-content\/uploads\/2020\/03\/Param-tarif-express.png 1860w, https:\/\/www.dsi.eu\/wp-content\/uploads\/2020\/03\/Param-tarif-express-500x315.png 500w, https:\/\/www.dsi.eu\/wp-content\/uploads\/2020\/03\/Param-tarif-express-1270x800.png 1270w, https:\/\/www.dsi.eu\/wp-content\/uploads\/2020\/03\/Param-tarif-express-200x126.png 200w, https:\/\/www.dsi.eu\/wp-content\/uploads\/2020\/03\/Param-tarif-express-768x484.png 768w, https:\/\/www.dsi.eu\/wp-content\/uploads\/2020\/03\/Param-tarif-express-1536x968.png 1536w\" sizes=\"auto, (max-width: 1860px) 100vw, 1860px\" \/><\/a><figcaption>Param\u00e9trage des grilles tarifaires dans CHACAL Express<\/figcaption><\/figure>\n\n\n\n<p>Avec CHACAL Express pas de d\u00e9lais ni de co\u00fbt suppl\u00e9mentaire pour mettre \u00e0 jour vos donn\u00e9es. Vous ma\u00eetrisez du d\u00e9but \u00e0 la fin vos donn\u00e9es et en restez le propri\u00e9taire !<\/p>\n\n\n\n<p>Vous ma\u00eetrisez vos donn\u00e9es de A \u00e0 Z !<\/p>\n","protected":false},"excerpt":{"rendered":"<p>G\u00e9rez et ma\u00eetrisez vos donn\u00e9es sans d\u00e9lais ni co\u00fbt suppl\u00e9mentaires.<\/p>\n","protected":false},"author":4,"featured_media":0,"parent":1393,"menu_order":3,"comment_status":"closed","ping_status":"closed","template":"","meta":{"footnotes":""},"class_list":["post-1471","page","type-page","status-publish","hentry"],"_links":{"self":[{"href":"https:\/\/www.dsi.eu\/fr\/wp-json\/wp\/v2\/pages\/1471","targetHints":{"allow":["GET"]}}],"collection":[{"href":"https:\/\/www.dsi.eu\/fr\/wp-json\/wp\/v2\/pages"}],"about":[{"href":"https:\/\/www.dsi.eu\/fr\/wp-json\/wp\/v2\/types\/page"}],"author":[{"embeddable":true,"href":"https:\/\/www.dsi.eu\/fr\/wp-json\/wp\/v2\/users\/4"}],"replies":[{"embeddable":true,"href":"https:\/\/www.dsi.eu\/fr\/wp-json\/wp\/v2\/comments?post=1471"}],"version-history":[{"count":7,"href":"https:\/\/www.dsi.eu\/fr\/wp-json\/wp\/v2\/pages\/1471\/revisions"}],"predecessor-version":[{"id":1674,"href":"https:\/\/www.dsi.eu\/fr\/wp-json\/wp\/v2\/pages\/1471\/revisions\/1674"}],"up":[{"embeddable":true,"href":"https:\/\/www.dsi.eu\/fr\/wp-json\/wp\/v2\/pages\/1393"}],"wp:attachment":[{"href":"https:\/\/www.dsi.eu\/fr\/wp-json\/wp\/v2\/media?parent=1471"}],"curies":[{"name":"wp","href":"https:\/\/api.w.org\/{rel}","templated":true}]}}