{"id":1453,"date":"2019-10-22T10:07:58","date_gmt":"2019-10-22T08:07:58","guid":{"rendered":"https:\/\/www.dsi.eu\/?page_id=1453"},"modified":"2022-09-30T11:26:01","modified_gmt":"2022-09-30T09:26:01","slug":"test","status":"publish","type":"page","link":"https:\/\/www.dsi.eu\/fr\/chacal-express\/test\/","title":{"rendered":"Configurateur commercial web"},"content":{"rendered":"\n<h2 class=\"wp-block-heading\">CHACAL Express: Le configurateur commercial de menuiserie<\/h2>\n\n\n\n<h2 class=\"wp-block-heading\">Enti\u00e8rement d\u00e9di\u00e9 aux domaines de la menuiserie ext\u00e9rieure du b\u00e2timent.<\/h2>\n\n\n\n<p>Permettant de chiffrer vos portes, fen\u00eatres, volets roulants, stores, garde-corps, portails, etc&#8230;<\/p>\n\n\n\n<p>Disposant d&rsquo;une interface moderne et enti\u00e8rement accessible depuis le web.<\/p>\n\n\n\n<p>Contrairement \u00e0 ses concurrents, CHACAL Express vous donne un acc\u00e8s complet et sans limites \u00e0 vos param\u00e8tres et vos tarifs.<\/p>\n\n\n<div class=\"wp-block-image size-medium wp-image-1326\">\n<figure class=\"alignleft\"><img loading=\"lazy\" decoding=\"async\" width=\"500\" height=\"333\" src=\"https:\/\/www.dsi.eu\/wp-content\/uploads\/2019\/04\/Bureau-500x333.jpg\" alt=\"CHACAL EXPRESS IPAD\" class=\"wp-image-1326\" srcset=\"https:\/\/www.dsi.eu\/wp-content\/uploads\/2019\/04\/Bureau-500x333.jpg 500w, https:\/\/www.dsi.eu\/wp-content\/uploads\/2019\/04\/Bureau-200x133.jpg 200w, https:\/\/www.dsi.eu\/wp-content\/uploads\/2019\/04\/Bureau-768x512.jpg 768w, https:\/\/www.dsi.eu\/wp-content\/uploads\/2019\/04\/Bureau-1200x800.jpg 1200w\" sizes=\"auto, (max-width: 500px) 100vw, 500px\" \/><figcaption>CHACAL EXPRESS sur Tablette<\/figcaption><\/figure>\n<\/div>\n\n<div class=\"wp-block-image size-medium wp-image-1332\">\n<figure class=\"alignright\"><img loading=\"lazy\" decoding=\"async\" width=\"500\" height=\"333\" src=\"https:\/\/www.dsi.eu\/wp-content\/uploads\/2019\/04\/Multi-\u00e9cran-PC-500x333.jpg\" alt=\"Chacal Express sur ordinateur\" class=\"wp-image-1332\" srcset=\"https:\/\/www.dsi.eu\/wp-content\/uploads\/2019\/04\/Multi-\u00e9cran-PC-500x333.jpg 500w, https:\/\/www.dsi.eu\/wp-content\/uploads\/2019\/04\/Multi-\u00e9cran-PC-200x133.jpg 200w, https:\/\/www.dsi.eu\/wp-content\/uploads\/2019\/04\/Multi-\u00e9cran-PC-768x512.jpg 768w, https:\/\/www.dsi.eu\/wp-content\/uploads\/2019\/04\/Multi-\u00e9cran-PC-1200x800.jpg 1200w\" sizes=\"auto, (max-width: 500px) 100vw, 500px\" \/><figcaption>Chacal Express sur ordinateur<\/figcaption><\/figure>\n<\/div>","protected":false},"excerpt":{"rendered":"<p>CHACAL Express: Le configurateur commercial web<\/p>\n","protected":false},"author":1,"featured_media":0,"parent":1393,"menu_order":2,"comment_status":"closed","ping_status":"closed","template":"","meta":{"footnotes":""},"class_list":["post-1453","page","type-page","status-publish","hentry"],"_links":{"self":[{"href":"https:\/\/www.dsi.eu\/fr\/wp-json\/wp\/v2\/pages\/1453","targetHints":{"allow":["GET"]}}],"collection":[{"href":"https:\/\/www.dsi.eu\/fr\/wp-json\/wp\/v2\/pages"}],"about":[{"href":"https:\/\/www.dsi.eu\/fr\/wp-json\/wp\/v2\/types\/page"}],"author":[{"embeddable":true,"href":"https:\/\/www.dsi.eu\/fr\/wp-json\/wp\/v2\/users\/1"}],"replies":[{"embeddable":true,"href":"https:\/\/www.dsi.eu\/fr\/wp-json\/wp\/v2\/comments?post=1453"}],"version-history":[{"count":9,"href":"https:\/\/www.dsi.eu\/fr\/wp-json\/wp\/v2\/pages\/1453\/revisions"}],"predecessor-version":[{"id":1673,"href":"https:\/\/www.dsi.eu\/fr\/wp-json\/wp\/v2\/pages\/1453\/revisions\/1673"}],"up":[{"embeddable":true,"href":"https:\/\/www.dsi.eu\/fr\/wp-json\/wp\/v2\/pages\/1393"}],"wp:attachment":[{"href":"https:\/\/www.dsi.eu\/fr\/wp-json\/wp\/v2\/media?parent=1453"}],"curies":[{"name":"wp","href":"https:\/\/api.w.org\/{rel}","templated":true}]}}