{"id":1181,"date":"2019-06-07T08:49:47","date_gmt":"2019-06-07T06:49:47","guid":{"rendered":"https:\/\/www.dsi.eu\/?page_id=1181"},"modified":"2022-11-04T15:11:01","modified_gmt":"2022-11-04T14:11:01","slug":"lentreprise","status":"publish","type":"page","link":"https:\/\/www.dsi.eu\/fr\/a-propos\/lentreprise\/","title":{"rendered":"L&rsquo;entreprise"},"content":{"rendered":"\n<h2 class=\"wp-block-heading\">L&rsquo;entreprise<\/h2>\n\n\n<div class=\"wp-block-image\">\n<figure class=\"alignright\"><img loading=\"lazy\" decoding=\"async\" width=\"500\" height=\"243\" src=\"https:\/\/www.dsi.eu\/wp-content\/uploads\/2019\/05\/societe-1-e1559294550603-500x243.jpg\" alt=\"\" class=\"wp-image-1159\" srcset=\"https:\/\/www.dsi.eu\/wp-content\/uploads\/2019\/05\/societe-1-e1559294550603-500x243.jpg 500w, https:\/\/www.dsi.eu\/wp-content\/uploads\/2019\/05\/societe-1-e1559294550603-200x97.jpg 200w, https:\/\/www.dsi.eu\/wp-content\/uploads\/2019\/05\/societe-1-e1559294550603-768x373.jpg 768w, https:\/\/www.dsi.eu\/wp-content\/uploads\/2019\/05\/societe-1-e1559294550603.jpg 911w\" sizes=\"auto, (max-width: 500px) 100vw, 500px\" \/><\/figure>\n<\/div>\n\n\n<p>D.S.I. est une entreprise belge cr\u00e9\u00e9e en juin 1981, qui, depuis cette date, se consacre exclusivement \u00e0 la r\u00e9alisation de logiciels et \u00e0 la prestation de services dans le domaine exclusif de la menuiserie ext\u00e9rieure de b\u00e2timent en Aluminium, P.V.C., Acier, mixte et bois.<\/p>\n\n\n\n<p>Sur un total actuel d\u2019environ 9.450 installations, le march\u00e9 belge en compte environ 1.250, la France 6.000, l\u2019Espagne une centaine, le solde \u00e9tant \u00e0 mettre au cr\u00e9dit de pays tels, le Canada, l\u2019Angleterre, la Su\u00e8de, la Norv\u00e8ge, l\u2019Egypte, la Tunisie, la Pologne, la Tch\u00e8quie, etc&#8230;<\/p>\n\n\n\n<p>Notre vocation de soci\u00e9t\u00e9 de services nous a amen\u00e9 au fil du temps \u00e0 constituer une \u00e9quipe d&rsquo;une quinzaine de sp\u00e9cialistes de VOTRE m\u00e9tier. Parmi les caract\u00e9ristiques marquantes qui nous distinguent, on peut citer:<\/p>\n\n\n\n<ul class=\"wp-block-list\">\n<li>Un service d&rsquo;assistance client contractuel, qui vous garantit une disponibilit\u00e9 optimale.<\/li>\n\n\n\n<li>Une r\u00e9ponse constructive \u00e0 toute demande d&rsquo;adaptation de nos logiciels \u00e0 vos besoins, ou d&rsquo;int\u00e9gration \u00e0 votre informatique existante.<\/li>\n\n\n\n<li>Une exp\u00e9rience in\u00e9gal\u00e9e dans le domaine de la connexion de machines de fabrication de fen\u00eatres en aluminium, P.V.C. et bois.<\/li>\n<\/ul>\n\n\n\n<p>Que vous soyez artisan ou industriel, fabricant ou poseur, nous disposons de <strong>logiciels et services \u00e0 votre mesure.&nbsp;<\/strong><\/p>\n","protected":false},"excerpt":{"rendered":"<p>D.S.I. est une\u00a0entreprise cr\u00e9\u00e9e en juin 1981 qui, depuis cette date, se consacre exclusivement \u00e0 la r\u00e9alisation de logiciels et \u00e0 la prestation de services dans le domaine exclusif de la menuiserie ext\u00e9rieure de b\u00e2timent en Aluminium, P.V.C., Acier, mixte et bois.<\/p>\n","protected":false},"author":1,"featured_media":0,"parent":14,"menu_order":0,"comment_status":"closed","ping_status":"closed","template":"","meta":{"footnotes":""},"class_list":["post-1181","page","type-page","status-publish","hentry"],"_links":{"self":[{"href":"https:\/\/www.dsi.eu\/fr\/wp-json\/wp\/v2\/pages\/1181","targetHints":{"allow":["GET"]}}],"collection":[{"href":"https:\/\/www.dsi.eu\/fr\/wp-json\/wp\/v2\/pages"}],"about":[{"href":"https:\/\/www.dsi.eu\/fr\/wp-json\/wp\/v2\/types\/page"}],"author":[{"embeddable":true,"href":"https:\/\/www.dsi.eu\/fr\/wp-json\/wp\/v2\/users\/1"}],"replies":[{"embeddable":true,"href":"https:\/\/www.dsi.eu\/fr\/wp-json\/wp\/v2\/comments?post=1181"}],"version-history":[{"count":10,"href":"https:\/\/www.dsi.eu\/fr\/wp-json\/wp\/v2\/pages\/1181\/revisions"}],"predecessor-version":[{"id":1739,"href":"https:\/\/www.dsi.eu\/fr\/wp-json\/wp\/v2\/pages\/1181\/revisions\/1739"}],"up":[{"embeddable":true,"href":"https:\/\/www.dsi.eu\/fr\/wp-json\/wp\/v2\/pages\/14"}],"wp:attachment":[{"href":"https:\/\/www.dsi.eu\/fr\/wp-json\/wp\/v2\/media?parent=1181"}],"curies":[{"name":"wp","href":"https:\/\/api.w.org\/{rel}","templated":true}]}}