{"id":1175,"date":"2019-06-07T08:48:07","date_gmt":"2019-06-07T06:48:07","guid":{"rendered":"https:\/\/www.dsi.eu\/?page_id=1175"},"modified":"2022-09-30T11:28:54","modified_gmt":"2022-09-30T09:28:54","slug":"presentation-generale","status":"publish","type":"page","link":"https:\/\/www.dsi.eu\/fr\/velox\/presentation-generale\/","title":{"rendered":"Pr\u00e9sentation G\u00e9n\u00e9rale"},"content":{"rendered":"<div class=\"su-row\"><div class=\"su-column su-column-size-2-3\"><div class=\"su-column-inner su-u-clearfix su-u-trim\">\n<h2>Le logiciel pour revendeurs de fen\u00eatres<\/h2>\n<p>VELOX est un programme destin\u00e9 sp\u00e9cialement et exclusivement \u00e0 \u00e9tablir des devis\u00a0ou soumissions\u00a0pour de la menuiserie ext\u00e9rieure de b\u00e2timent : portes, fen\u00eatres, portes de garage, portails, volets roulants, etc&#8230;<\/p>\n<h3>Les deux objectifs principaux de VELOX sont :<\/h3>\n<ul>\n<li>Le gain de temps : quelques minutes suffisent pour faire une offre de\u00a0prix\u00a0de plusieurs \u00e9l\u00e9ments (fen\u00eatres, portes, etc&#8230;)<\/li>\n<li>Une pr\u00e9sentation impeccable du document, y inclus les dessins \u00e0 l&rsquo;\u00e9chelle.<\/li>\n<\/ul>\n<\/div><\/div> <div class=\"su-column su-column-size-1-3\"><div class=\"su-column-inner su-u-clearfix su-u-trim\">\n<h2>Le prix de VELOX<\/h2>\n<p>L&rsquo;ensemble des 3 fonctions d\u00e9crites ci-dessus, \u00e0 savoir la mise en page des devis, le programme de dessin et le calcul de prix est vendu au prix Hors Taxes de <em><strong>949 \u20ac<\/strong><\/em>.<\/p>\n<h3>Des questions ?<\/h3>\n<p>Si vous souhaitez une information pr\u00e9cise, n&rsquo;h\u00e9sitez pas \u00e0 nous appeler. Par contre, pour vraiment tout savoir sur VELOX, nous ne pouvons que vous inviter \u00e0 profiter de cette offre d&rsquo;essai avec garantie satisfait ou rembours\u00e9 pendant 10 jours !<\/p>\n<p><a class=\"button\" href=\"https:\/\/www.dsi.eucontact\/\">Contactez-nous &gt;<\/a><\/p>\n<\/div><\/div> <\/div>\n\n\n\n<h2 class=\"wp-block-heading\">Comment fonctionne VELOX ?<\/h2>\n\n\n\n<p><strong>VELOX<\/strong> peut \u00eatre utilis\u00e9 <strong>d\u00e8s son installation<\/strong><br>pour \u00e9diter de superbes devis avec dessin, mais \u00e9galement pour calculer les prix de vente des ch\u00e2ssis, des options, de la pose, etc&#8230; Pour ce faire, vous avez uniquement \u00e0 remplir, au fur et \u00e0 mesure de l&rsquo;utilisation que vous en ferez, <strong>3 fichiers<\/strong> :<\/p>\n\n\n<div class=\"su-tabs su-tabs-style-default su-tabs-mobile-stack\" data-active=\"1\" data-scroll-offset=\"0\" data-anchor-in-url=\"no\"><div class=\"su-tabs-nav\"><span class=\"\" data-url=\"\" data-target=\"blank\" tabindex=\"0\" role=\"button\">Le fichier des dessins<\/span><span class=\"\" data-url=\"\" data-target=\"blank\" tabindex=\"0\" role=\"button\">Le fichier des articles<\/span><span class=\"\" data-url=\"\" data-target=\"blank\" tabindex=\"0\" role=\"button\">La mise en page<\/span><\/div><div class=\"su-tabs-panes\"><div class=\"su-tabs-pane su-u-clearfix su-u-trim\" data-title=\"Le fichier des dessins\">\n<p>Nous fournissons VELOX avec +\/- 40 dessins de ch\u00e2ssis courants. De mani\u00e8re tr\u00e8s simple, vous pouvez compl\u00e9ter vous-m\u00eame cette biblioth\u00e8que par toutes les menuiseries que vous commercialisez. VELOX vous permet notamment de dessiner des ch\u00e2ssis rectangulaires, triangulaires, trap\u00e9zo\u00efdaux et cintr\u00e9s, combinant au gr\u00e9 de votre fantaisie (ou de celle des architectes !) des ouvrants coulissants ou \u00e0 frappe ainsi que des portes, voire m\u00eame des portes-accord\u00e9ons.<\/p>\n<\/div>\n<div class=\"su-tabs-pane su-u-clearfix su-u-trim\" data-title=\"Le fichier des articles\">\n<p>Vous d\u00e9finissez librement autant d&rsquo; \u00ab\u00a0articles\u00a0\u00bb que vous le souhaitez. Ces articles peuvent \u00eatre des ch\u00e2ssis complets, mais \u00e9galement des options (un seuil, un volet roulant, une poign\u00e9e sp\u00e9ciale, un vitrage anti-effraction, etc&#8230;) ou m\u00eame de la main d\u2019\u0153uvre de pose. Pour le calcul du prix, vous avez le choix, article par article, parmi :<\/p>\n<ul>\n<li>Un forfait<\/li>\n<li>Un prix fonction de la largeur, de la hauteur et\/ou du p\u00e9rim\u00e8tre<\/li>\n<li>Un prix \u00e0 la surface<\/li>\n<li>Et une \u00ab\u00a0grille\u00a0\u00bb de prix introduite librement pour chaque plage de largeur et de hauteur.<\/li>\n<\/ul>\n<\/div>\n<div class=\"su-tabs-pane su-u-clearfix su-u-trim\" data-title=\"La mise en page\">\n<p>Comme vous le feriez avec un traitement de textes, vous pouvez cr\u00e9er librement un nombre illimit\u00e9 de mises en page selon votre choix et, par exemple<\/p>\n<ul>\n<li>Faire les dessins en annexe ou dans le texte,<\/li>\n<li>Pr\u00e9ciser ou non les prix de d\u00e9tail de chaque ch\u00e2ssis<\/li>\n<li>\u00ab\u00a0Cacher\u00a0\u00bb (=cumuler) le prix de certaines options dans celui du ch\u00e2ssis<\/li>\n<li>Imprimer le total remise d\u00e9duite ou, au contraire, mentionner la remise<\/li>\n<li>etc&#8230;<\/li>\n<\/ul>\n<\/div><\/div><\/div>\n\n\n\n<h2 class=\"wp-block-heading\">Comment l&rsquo;essayer sans engagement ?<\/h2>\n\n\n\n<p>C&rsquo;est tr\u00e8s simple. Comme nous sommes certains qu&rsquo;il vous procurera imm\u00e9diatement une rentabilit\u00e9 indiscutable, nous le commercialisons avec une garantie totale de satisfaction, sans risques ni conditions \u00ab\u00a0en petits caract\u00e8res\u00a0\u00bb.<\/p>\n\n\n\n<p>Vous nous renvoyez la feuille r\u00e9ponse ci-jointe, avec votre paiement par virement bancaire ou par ch\u00e8que et vous disposez de 10 jours ouvrables pour l&rsquo;essayer. Si, dans ce d\u00e9lai vous nous le renvoyez dans son emballage non d\u00e9t\u00e9rior\u00e9, nous vous le remboursons int\u00e9gralement, sans discuter.<\/p>\n","protected":false},"excerpt":{"rendered":"<p>Le logiciel pour revendeurs de fen\u00eatres<\/p>\n","protected":false},"author":1,"featured_media":0,"parent":57,"menu_order":0,"comment_status":"closed","ping_status":"closed","template":"","meta":{"footnotes":""},"class_list":["post-1175","page","type-page","status-publish","hentry"],"_links":{"self":[{"href":"https:\/\/www.dsi.eu\/fr\/wp-json\/wp\/v2\/pages\/1175","targetHints":{"allow":["GET"]}}],"collection":[{"href":"https:\/\/www.dsi.eu\/fr\/wp-json\/wp\/v2\/pages"}],"about":[{"href":"https:\/\/www.dsi.eu\/fr\/wp-json\/wp\/v2\/types\/page"}],"author":[{"embeddable":true,"href":"https:\/\/www.dsi.eu\/fr\/wp-json\/wp\/v2\/users\/1"}],"replies":[{"embeddable":true,"href":"https:\/\/www.dsi.eu\/fr\/wp-json\/wp\/v2\/comments?post=1175"}],"version-history":[{"count":4,"href":"https:\/\/www.dsi.eu\/fr\/wp-json\/wp\/v2\/pages\/1175\/revisions"}],"predecessor-version":[{"id":1679,"href":"https:\/\/www.dsi.eu\/fr\/wp-json\/wp\/v2\/pages\/1175\/revisions\/1679"}],"up":[{"embeddable":true,"href":"https:\/\/www.dsi.eu\/fr\/wp-json\/wp\/v2\/pages\/57"}],"wp:attachment":[{"href":"https:\/\/www.dsi.eu\/fr\/wp-json\/wp\/v2\/media?parent=1175"}],"curies":[{"name":"wp","href":"https:\/\/api.w.org\/{rel}","templated":true}]}}