{"id":1164,"date":"2019-06-06T15:58:15","date_gmt":"2019-06-06T13:58:15","guid":{"rendered":"https:\/\/www.dsi.eu\/?page_id=1164"},"modified":"2025-06-24T09:10:42","modified_gmt":"2025-06-24T07:10:42","slug":"presentation-generale","status":"publish","type":"page","link":"https:\/\/www.dsi.eu\/fr\/chacal\/presentation-generale\/","title":{"rendered":"Pr\u00e9sentation G\u00e9n\u00e9rale"},"content":{"rendered":"\n<h2 class=\"wp-block-heading\">CHACAL: Une approche naturelle dans les logiciels dedi\u00e9s \u00e0 la fen\u00eatre et \u00e0 la menuiserie ext\u00e9rieure.<\/h2>\n\n\n<div class=\"su-row\"><div class=\"su-column su-column-size-2-3\"><div class=\"su-column-inner su-u-clearfix su-u-trim\">\n\n\n\n<h3 class=\"wp-block-heading\">+ de 85.000 fen\u00eatres fabriqu\u00e9es par jour dans le monde!<\/h3>\n\n\n\n<figure class=\"wp-block-image size-large\"><img loading=\"lazy\" decoding=\"async\" width=\"1286\" height=\"800\" src=\"https:\/\/www.dsi.eu\/wp-content\/uploads\/2025\/06\/CHACAL-VISION-2-1286x800.jpg\" alt=\"\" class=\"wp-image-1840\" srcset=\"https:\/\/www.dsi.eu\/wp-content\/uploads\/2025\/06\/CHACAL-VISION-2-1286x800.jpg 1286w, https:\/\/www.dsi.eu\/wp-content\/uploads\/2025\/06\/CHACAL-VISION-2-500x311.jpg 500w, https:\/\/www.dsi.eu\/wp-content\/uploads\/2025\/06\/CHACAL-VISION-2-200x124.jpg 200w, https:\/\/www.dsi.eu\/wp-content\/uploads\/2025\/06\/CHACAL-VISION-2-768x478.jpg 768w, https:\/\/www.dsi.eu\/wp-content\/uploads\/2025\/06\/CHACAL-VISION-2-1536x955.jpg 1536w, https:\/\/www.dsi.eu\/wp-content\/uploads\/2025\/06\/CHACAL-VISION-2.jpg 1841w\" sizes=\"auto, (max-width: 1286px) 100vw, 1286px\" \/><\/figure>\n\n\n\n<p>Tous les logiciels du march\u00e9 se sont jusqu\u2019\u00e0 pr\u00e9sent battus pour \u00eatre conviviaux. Avec CHACAL, nous vous proposons en outre un logiciel naturel. Cela signifie que chaque fois que c\u2019est possible, il parle votre langage de tous les jours : celui du menuisier. Pour introduire vos profil\u00e9s, par exemple, pas de formules savantes, de manuel fastidieux \u00e0 \u00e9tudier! D\u2019un clic&rsquo; sur le dessin, montrez-lui les quelques points principaux et CHACAL fait le reste!<\/p>\n\n\n<\/div><\/div> <div class=\"su-column su-column-size-1-3\"><div class=\"su-column-inner su-u-clearfix su-u-trim\">\n\n\n\n<h3 class=\"wp-block-heading\">Innover n\u2019est pas suivre la mode<\/h3>\n\n\n\n<figure class=\"wp-block-image\"><img loading=\"lazy\" decoding=\"async\" width=\"299\" height=\"333\" src=\"https:\/\/www.dsi.eu\/wp-content\/uploads\/2019\/04\/chacal-XXI2-1.gif\" alt=\"\" class=\"wp-image-34\"\/><\/figure>\n\n\n\n<p>Actuellement,dans votre domaine, les d\u00e9veloppeurs font monter les ench\u00e8res du graphisme, de la couleur, de l\u2019\u00e9cran le plus \u00ab\u00a0joli\u00a0\u00bb, de la 3D. Bien s\u00fbr, sur tous ces aspects, CHACAL n\u2019est pas \u00e0 la tra\u00eene. Il vous permettra les formes les plus folles, pour satisfaire aux exigences des architectes les plus difficiles. Vous donnera la possibilit\u00e9 de g\u00e9rer des fichier BIM vers Revit (Autodesk) et beaucoup de d&rsquo;autres choses encore.<\/p>\n\n\n\n<p>Par contre, une fois l\u2019enthousiasme de la d\u00e9monstration oubli\u00e9, lorsque vous devrez lui \u00a0\u00bb expliquer \u00a0\u00bb vos 5 variantes possibles de seuils de porte vous d\u00e9couvrirez o\u00f9 se situent les v\u00e9ritables atouts d\u2019un logiciel : dans son ouverture \u00e0 r\u00e9pondre \u00e0 vos besoins et dans sa facilit\u00e9 et rapidit\u00e9 de mise en route.<\/p>\n\n\n<\/div><\/div> <\/div>\n","protected":false},"excerpt":{"rendered":"<p>Logiciels dedi\u00e9s \u00e0 la fen\u00eatre et \u00e0 la menuiserie ext\u00e9rieure<\/p>\n","protected":false},"author":1,"featured_media":0,"parent":27,"menu_order":0,"comment_status":"closed","ping_status":"closed","template":"","meta":{"footnotes":""},"class_list":["post-1164","page","type-page","status-publish","hentry"],"_links":{"self":[{"href":"https:\/\/www.dsi.eu\/fr\/wp-json\/wp\/v2\/pages\/1164","targetHints":{"allow":["GET"]}}],"collection":[{"href":"https:\/\/www.dsi.eu\/fr\/wp-json\/wp\/v2\/pages"}],"about":[{"href":"https:\/\/www.dsi.eu\/fr\/wp-json\/wp\/v2\/types\/page"}],"author":[{"embeddable":true,"href":"https:\/\/www.dsi.eu\/fr\/wp-json\/wp\/v2\/users\/1"}],"replies":[{"embeddable":true,"href":"https:\/\/www.dsi.eu\/fr\/wp-json\/wp\/v2\/comments?post=1164"}],"version-history":[{"count":10,"href":"https:\/\/www.dsi.eu\/fr\/wp-json\/wp\/v2\/pages\/1164\/revisions"}],"predecessor-version":[{"id":1843,"href":"https:\/\/www.dsi.eu\/fr\/wp-json\/wp\/v2\/pages\/1164\/revisions\/1843"}],"up":[{"embeddable":true,"href":"https:\/\/www.dsi.eu\/fr\/wp-json\/wp\/v2\/pages\/27"}],"wp:attachment":[{"href":"https:\/\/www.dsi.eu\/fr\/wp-json\/wp\/v2\/media?parent=1164"}],"curies":[{"name":"wp","href":"https:\/\/api.w.org\/{rel}","templated":true}]}}